{"id":892,"date":"2021-06-30T15:08:31","date_gmt":"2021-06-30T15:08:31","guid":{"rendered":"https:\/\/pullman.accorv2prod.decms.eu\/?page_id=892"},"modified":"2022-08-01T15:28:09","modified_gmt":"2022-08-01T15:28:09","slug":"home","status":"publish","type":"page","link":"https:\/\/pullman.accorv2prod.decms.eu\/vi\/","title":{"rendered":"Trang ch\u1ee7"},"content":{"rendered":"<p style=\"text-align: center;\">V\u1edbi t\u1ea7m nh\u00ecn r\u1ef1c r\u1ee1 ra Bi\u1ec3n Andaman, Avista Grande Phuket Karon &#8211; MGallery by Sofitel m\u1eddi g\u1ecdi b\u1ea1n \u0111i tr\u1ed1n.<br \/>\nN\u1eb1m tr\u00ean m\u1ed9t tri\u1ec1n n\u00fai xanh t\u01b0\u01a1i, kh\u00e1ch s\u1ea1n Boutique \u1edf Karon, Phuket k\u1ebft h\u1ee3p nhu\u1ea7n nhuy\u1ec5n gi\u1eefa v\u0103n h\u00f3a \u0111\u1ecba ph\u01b0\u01a1ng phong ph\u00fa v\u1edbi nh\u1eefng \u1ea3nh h\u01b0\u1edfng Trung-B\u1ed3 \u0110\u00e0o Nha.<\/p>\n<blockquote><p>Tham gia c\u00f9ng ch\u00fang t\u00f4i \u0111\u1ec3 c\u00f3 m\u1ed9t k\u1ef3 ngh\u1ec9 kh\u00f3 qu\u00ean \u1edf Th\u00e1i Lan t\u1ea1i kh\u00e1ch s\u1ea1n 5 sao c\u1ee7a ch\u00fang t\u00f4i \u1edf Karon.<\/p><\/blockquote>\n<p style=\"text-align: center;\"><strong>ALAIN RUFFIER<\/strong><br \/>\nNg\u01b0\u1eddi qu\u1ea3n l\u00fd chung<\/p>\n","protected":false},"excerpt":{"rendered":"<p>V\u1edbi t\u1ea7m nh\u00ecn r\u1ef1c r\u1ee1 ra Bi\u1ec3n Andaman, Avista Grande Phuket Karon &#8211; MGallery by Sofitel m\u1eddi g\u1ecdi b\u1ea1n \u0111i tr\u1ed1n. N\u1eb1m tr\u00ean m\u1ed9t tri\u1ec1n n\u00fai xanh t\u01b0\u01a1i, kh\u00e1ch s\u1ea1n Boutique \u1edf Karon, Phuket k\u1ebft h\u1ee3p nhu\u1ea7n nhuy\u1ec5n gi\u1eefa v\u0103n h\u00f3a \u0111\u1ecba ph\u01b0\u01a1ng phong ph\u00fa v\u1edbi nh\u1eefng \u1ea3nh h\u01b0\u1edfng Trung-B\u1ed3 \u0110\u00e0o Nha. Tham gia c\u00f9ng [&hellip;]<\/p>\n","protected":false},"author":2,"featured_media":0,"parent":0,"menu_order":0,"comment_status":"closed","ping_status":"closed","template":"","meta":{"footnotes":""},"categories":[],"class_list":["post-892","page","type-page","status-publish","hentry"],"acf":[],"yoast_head":"<!-- This site is optimized with the Yoast SEO plugin v26.9 - https:\/\/yoast.com\/product\/yoast-seo-wordpress\/ -->\n<title>Trang ch\u1ee7 - Pullman Cairns International<\/title>\n<meta name=\"robots\" content=\"noindex, follow, max-snippet:-1, max-image-preview:large, max-video-preview:-1\" \/>\n<meta property=\"og:locale\" content=\"vi_VN\" \/>\n<meta property=\"og:type\" content=\"article\" \/>\n<meta property=\"og:title\" content=\"Trang ch\u1ee7 - Pullman Cairns International\" \/>\n<meta property=\"og:description\" content=\"V\u1edbi t\u1ea7m nh\u00ecn r\u1ef1c r\u1ee1 ra Bi\u1ec3n Andaman, Avista Grande Phuket Karon &#8211; MGallery by Sofitel m\u1eddi g\u1ecdi b\u1ea1n \u0111i tr\u1ed1n. N\u1eb1m tr\u00ean m\u1ed9t tri\u1ec1n n\u00fai xanh t\u01b0\u01a1i, kh\u00e1ch s\u1ea1n Boutique \u1edf Karon, Phuket k\u1ebft h\u1ee3p nhu\u1ea7n nhuy\u1ec5n gi\u1eefa v\u0103n h\u00f3a \u0111\u1ecba ph\u01b0\u01a1ng phong ph\u00fa v\u1edbi nh\u1eefng \u1ea3nh h\u01b0\u1edfng Trung-B\u1ed3 \u0110\u00e0o Nha. Tham gia c\u00f9ng [&hellip;]\" \/>\n<meta property=\"og:url\" content=\"https:\/\/pullman.accorv2prod.decms.eu\/vi\/\" \/>\n<meta property=\"og:site_name\" content=\"Pullman Cairns International\" \/>\n<meta property=\"article:modified_time\" content=\"2022-08-01T15:28:09+00:00\" \/>\n<meta name=\"twitter:card\" content=\"summary_large_image\" \/>\n<meta name=\"twitter:label1\" content=\"Est. reading time\" \/>\n\t<meta name=\"twitter:data1\" content=\"1 minute\" \/>\n<script type=\"application\/ld+json\" class=\"yoast-schema-graph\">{\"@context\":\"https:\/\/schema.org\",\"@graph\":[{\"@type\":\"WebPage\",\"@id\":\"https:\/\/pullman.accorv2prod.decms.eu\/vi\/\",\"url\":\"https:\/\/pullman.accorv2prod.decms.eu\/vi\/\",\"name\":\"Trang ch\u1ee7 - Pullman Cairns International\",\"isPartOf\":{\"@id\":\"https:\/\/pullman.accorv2prod.decms.eu\/#website\"},\"datePublished\":\"2021-06-30T15:08:31+00:00\",\"dateModified\":\"2022-08-01T15:28:09+00:00\",\"breadcrumb\":{\"@id\":\"https:\/\/pullman.accorv2prod.decms.eu\/vi\/#breadcrumb\"},\"inLanguage\":\"vi-VN\",\"potentialAction\":[{\"@type\":\"ReadAction\",\"target\":[\"https:\/\/pullman.accorv2prod.decms.eu\/vi\/\"]}]},{\"@type\":\"BreadcrumbList\",\"@id\":\"https:\/\/pullman.accorv2prod.decms.eu\/vi\/#breadcrumb\",\"itemListElement\":[{\"@type\":\"ListItem\",\"position\":1,\"name\":\"Home\",\"item\":\"https:\/\/pullman.accorv2prod.decms.eu\/vi\/home\/\"},{\"@type\":\"ListItem\",\"position\":2,\"name\":\"Trang ch\u1ee7\"}]},{\"@type\":\"WebSite\",\"@id\":\"https:\/\/pullman.accorv2prod.decms.eu\/#website\",\"url\":\"https:\/\/pullman.accorv2prod.decms.eu\/\",\"name\":\"Pullman Cairns International\",\"description\":\"Just another Matteo Canever Site Sites site\",\"potentialAction\":[{\"@type\":\"SearchAction\",\"target\":{\"@type\":\"EntryPoint\",\"urlTemplate\":\"https:\/\/pullman.accorv2prod.decms.eu\/?s={search_term_string}\"},\"query-input\":{\"@type\":\"PropertyValueSpecification\",\"valueRequired\":true,\"valueName\":\"search_term_string\"}}],\"inLanguage\":\"vi-VN\"}]}<\/script>\n<!-- \/ Yoast SEO plugin. -->","yoast_head_json":{"title":"Trang ch\u1ee7 - Pullman Cairns International","robots":{"index":"noindex","follow":"follow","max-snippet":"max-snippet:-1","max-image-preview":"max-image-preview:large","max-video-preview":"max-video-preview:-1"},"og_locale":"vi_VN","og_type":"article","og_title":"Trang ch\u1ee7 - Pullman Cairns International","og_description":"V\u1edbi t\u1ea7m nh\u00ecn r\u1ef1c r\u1ee1 ra Bi\u1ec3n Andaman, Avista Grande Phuket Karon &#8211; MGallery by Sofitel m\u1eddi g\u1ecdi b\u1ea1n \u0111i tr\u1ed1n. N\u1eb1m tr\u00ean m\u1ed9t tri\u1ec1n n\u00fai xanh t\u01b0\u01a1i, kh\u00e1ch s\u1ea1n Boutique \u1edf Karon, Phuket k\u1ebft h\u1ee3p nhu\u1ea7n nhuy\u1ec5n gi\u1eefa v\u0103n h\u00f3a \u0111\u1ecba ph\u01b0\u01a1ng phong ph\u00fa v\u1edbi nh\u1eefng \u1ea3nh h\u01b0\u1edfng Trung-B\u1ed3 \u0110\u00e0o Nha. Tham gia c\u00f9ng [&hellip;]","og_url":"https:\/\/pullman.accorv2prod.decms.eu\/vi\/","og_site_name":"Pullman Cairns International","article_modified_time":"2022-08-01T15:28:09+00:00","twitter_card":"summary_large_image","twitter_misc":{"Est. reading time":"1 minute"},"schema":{"@context":"https:\/\/schema.org","@graph":[{"@type":"WebPage","@id":"https:\/\/pullman.accorv2prod.decms.eu\/vi\/","url":"https:\/\/pullman.accorv2prod.decms.eu\/vi\/","name":"Trang ch\u1ee7 - Pullman Cairns International","isPartOf":{"@id":"https:\/\/pullman.accorv2prod.decms.eu\/#website"},"datePublished":"2021-06-30T15:08:31+00:00","dateModified":"2022-08-01T15:28:09+00:00","breadcrumb":{"@id":"https:\/\/pullman.accorv2prod.decms.eu\/vi\/#breadcrumb"},"inLanguage":"vi-VN","potentialAction":[{"@type":"ReadAction","target":["https:\/\/pullman.accorv2prod.decms.eu\/vi\/"]}]},{"@type":"BreadcrumbList","@id":"https:\/\/pullman.accorv2prod.decms.eu\/vi\/#breadcrumb","itemListElement":[{"@type":"ListItem","position":1,"name":"Home","item":"https:\/\/pullman.accorv2prod.decms.eu\/vi\/home\/"},{"@type":"ListItem","position":2,"name":"Trang ch\u1ee7"}]},{"@type":"WebSite","@id":"https:\/\/pullman.accorv2prod.decms.eu\/#website","url":"https:\/\/pullman.accorv2prod.decms.eu\/","name":"Pullman Cairns International","description":"Just another Matteo Canever Site Sites site","potentialAction":[{"@type":"SearchAction","target":{"@type":"EntryPoint","urlTemplate":"https:\/\/pullman.accorv2prod.decms.eu\/?s={search_term_string}"},"query-input":{"@type":"PropertyValueSpecification","valueRequired":true,"valueName":"search_term_string"}}],"inLanguage":"vi-VN"}]}},"_links":{"self":[{"href":"https:\/\/pullman.accorv2prod.decms.eu\/vi\/wp-json\/wp\/v2\/pages\/892","targetHints":{"allow":["GET"]}}],"collection":[{"href":"https:\/\/pullman.accorv2prod.decms.eu\/vi\/wp-json\/wp\/v2\/pages"}],"about":[{"href":"https:\/\/pullman.accorv2prod.decms.eu\/vi\/wp-json\/wp\/v2\/types\/page"}],"author":[{"embeddable":true,"href":"https:\/\/pullman.accorv2prod.decms.eu\/vi\/wp-json\/wp\/v2\/users\/2"}],"replies":[{"embeddable":true,"href":"https:\/\/pullman.accorv2prod.decms.eu\/vi\/wp-json\/wp\/v2\/comments?post=892"}],"version-history":[{"count":0,"href":"https:\/\/pullman.accorv2prod.decms.eu\/vi\/wp-json\/wp\/v2\/pages\/892\/revisions"}],"wp:attachment":[{"href":"https:\/\/pullman.accorv2prod.decms.eu\/vi\/wp-json\/wp\/v2\/media?parent=892"}],"wp:term":[{"taxonomy":"category","embeddable":true,"href":"https:\/\/pullman.accorv2prod.decms.eu\/vi\/wp-json\/wp\/v2\/categories?post=892"}],"curies":[{"name":"wp","href":"https:\/\/api.w.org\/{rel}","templated":true}]}}