{"id":929,"date":"2021-07-01T09:11:27","date_gmt":"2021-07-01T09:11:27","guid":{"rendered":"https:\/\/pullman.accorv2prod.decms.eu\/?page_id=929"},"modified":"2022-07-29T11:51:46","modified_gmt":"2022-07-29T11:51:46","slug":"khoang-tuye%cd%80n","status":"publish","type":"page","link":"https:\/\/pullman.accorv2prod.decms.eu\/vi\/thalasso-spa-suc-khoe\/khoang-tuye%cd%80n\/","title":{"rendered":"Khoa\u0341ng tuy\u00ea\u0340n"},"content":{"rendered":"<p>L\u00e0 th\u00e0nh vi\u00ean thu\u1ed9c nh\u00e1nh th\u01b0\u01a1ng hi\u1ec7u Mgallery c\u1ee7a t\u1eadp \u0111o\u00e0n Accor t\u1ea1i Vi\u1ec7t Nam, H\u00f4tel des Arts Saigon g\u1ee3i nh\u1edb v\u1ec1 th\u1eddi \u0111\u00e3 qua khi m\u00e0 nh\u1eefng chuy\u1ebfn du h\u00e0nh v\u1ec1 mi\u1ec1n vi\u1ec5n \u0110\u00f4ng ch\u1ec9 d\u00e0nh cho gi\u1edbi m\u1ed9 \u0111i\u1ec7u c\u1ee7a t\u1ea7ng l\u1edbp th\u01b0\u1ee3ng l\u01b0u. Kh\u00f4ng gian \u0111\u01b0\u1ee3c thi\u1ebft k\u1ebf mang \u0111\u1ebfn cho du kh\u00e1ch kh\u00f4ng gian l\u00e3ng m\u1ea1n c\u1ee7a m\u1ed9t th\u1eddi \u0111\u00e3 qua v\u1edbi n\u00e9t quy\u1ebfn r\u0169 c\u1ed5 \u0111i\u1ec3n pha l\u1eabn hi\u1ec7n \u0111\u1ea1i trong t\u1eebng chi ti\u1ebft v\u00e0 c\u00e1c ti\u1ec7n nghi sang tr\u1ecdng \u0111\u1eb3ng c\u1ea5p c\u1ee7a th\u1ebf k\u1ef7 21. Kh\u00e1ch s\u1ea1n boutique 5 sao H\u00f4tel des Arts Saigon \u0111\u01b0\u1ee3c thi\u1ebft k\u1ebf nh\u01b0 m\u1ed9t vi\u1ec7n b\u1ea3o t\u00e0ng ngh\u1ec7 thu\u1eadt. V\u1edbi nh\u1eefng \u0111\u01b0\u1eddng n\u00e9t n\u1eef t\u00ednh t\u01b0\u01a1ng ph\u1ea3n ho\u00e0n to\u00e0n v\u1edbi nh\u1eefng t\u00f2a nh\u00e0 l\u00e2n<\/p>\n","protected":false},"excerpt":{"rendered":"<p>L\u00e0 th\u00e0nh vi\u00ean thu\u1ed9c nh\u00e1nh th\u01b0\u01a1ng hi\u1ec7u Mgallery c\u1ee7a t\u1eadp \u0111o\u00e0n Accor t\u1ea1i Vi\u1ec7t Nam, H\u00f4tel des Arts Saigon g\u1ee3i nh\u1edb v\u1ec1 th\u1eddi \u0111\u00e3 qua khi m\u00e0 nh\u1eefng chuy\u1ebfn du h\u00e0nh v\u1ec1 mi\u1ec1n vi\u1ec5n \u0110\u00f4ng ch\u1ec9 d\u00e0nh cho gi\u1edbi m\u1ed9 \u0111i\u1ec7u c\u1ee7a t\u1ea7ng l\u1edbp th\u01b0\u1ee3ng l\u01b0u. Kh\u00f4ng gian \u0111\u01b0\u1ee3c thi\u1ebft k\u1ebf mang \u0111\u1ebfn cho du [&hellip;]<\/p>\n","protected":false},"author":2,"featured_media":0,"parent":928,"menu_order":100,"comment_status":"closed","ping_status":"closed","template":"template-spa.php","meta":{"footnotes":""},"categories":[],"class_list":["post-929","page","type-page","status-publish","hentry"],"acf":[],"yoast_head":"<!-- This site is optimized with the Yoast SEO plugin v26.9 - https:\/\/yoast.com\/product\/yoast-seo-wordpress\/ -->\n<title>Khoa\u0341ng tuy\u00ea\u0340n - Pullman Cairns International<\/title>\n<meta name=\"robots\" content=\"noindex, follow, max-snippet:-1, max-image-preview:large, max-video-preview:-1\" \/>\n<meta property=\"og:locale\" content=\"vi_VN\" \/>\n<meta property=\"og:type\" content=\"article\" \/>\n<meta property=\"og:title\" content=\"Khoa\u0341ng tuy\u00ea\u0340n - Pullman Cairns International\" \/>\n<meta property=\"og:description\" content=\"L\u00e0 th\u00e0nh vi\u00ean thu\u1ed9c nh\u00e1nh th\u01b0\u01a1ng hi\u1ec7u Mgallery c\u1ee7a t\u1eadp \u0111o\u00e0n Accor t\u1ea1i Vi\u1ec7t Nam, H\u00f4tel des Arts Saigon g\u1ee3i nh\u1edb v\u1ec1 th\u1eddi \u0111\u00e3 qua khi m\u00e0 nh\u1eefng chuy\u1ebfn du h\u00e0nh v\u1ec1 mi\u1ec1n vi\u1ec5n \u0110\u00f4ng ch\u1ec9 d\u00e0nh cho gi\u1edbi m\u1ed9 \u0111i\u1ec7u c\u1ee7a t\u1ea7ng l\u1edbp th\u01b0\u1ee3ng l\u01b0u. Kh\u00f4ng gian \u0111\u01b0\u1ee3c thi\u1ebft k\u1ebf mang \u0111\u1ebfn cho du [&hellip;]\" \/>\n<meta property=\"og:url\" content=\"https:\/\/pullman.accorv2prod.decms.eu\/vi\/thalasso-spa-suc-khoe\/khoang-tuye%cd%80n\/\" \/>\n<meta property=\"og:site_name\" content=\"Pullman Cairns International\" \/>\n<meta property=\"article:modified_time\" content=\"2022-07-29T11:51:46+00:00\" \/>\n<meta name=\"twitter:card\" content=\"summary_large_image\" \/>\n<meta name=\"twitter:label1\" content=\"Est. reading time\" \/>\n\t<meta name=\"twitter:data1\" content=\"1 minute\" \/>\n<script type=\"application\/ld+json\" class=\"yoast-schema-graph\">{\"@context\":\"https:\/\/schema.org\",\"@graph\":[{\"@type\":\"WebPage\",\"@id\":\"https:\/\/pullman.accorv2prod.decms.eu\/vi\/thalasso-spa-suc-khoe\/khoang-tuye%cd%80n\/\",\"url\":\"https:\/\/pullman.accorv2prod.decms.eu\/vi\/thalasso-spa-suc-khoe\/khoang-tuye%cd%80n\/\",\"name\":\"Khoa\u0341ng tuy\u00ea\u0340n - Pullman Cairns International\",\"isPartOf\":{\"@id\":\"https:\/\/pullman.accorv2prod.decms.eu\/#website\"},\"datePublished\":\"2021-07-01T09:11:27+00:00\",\"dateModified\":\"2022-07-29T11:51:46+00:00\",\"breadcrumb\":{\"@id\":\"https:\/\/pullman.accorv2prod.decms.eu\/vi\/thalasso-spa-suc-khoe\/khoang-tuye%cd%80n\/#breadcrumb\"},\"inLanguage\":\"vi-VN\",\"potentialAction\":[{\"@type\":\"ReadAction\",\"target\":[\"https:\/\/pullman.accorv2prod.decms.eu\/vi\/thalasso-spa-suc-khoe\/khoang-tuye%cd%80n\/\"]}]},{\"@type\":\"BreadcrumbList\",\"@id\":\"https:\/\/pullman.accorv2prod.decms.eu\/vi\/thalasso-spa-suc-khoe\/khoang-tuye%cd%80n\/#breadcrumb\",\"itemListElement\":[{\"@type\":\"ListItem\",\"position\":1,\"name\":\"Home\",\"item\":\"https:\/\/pullman.accorv2prod.decms.eu\/vi\/home\/\"},{\"@type\":\"ListItem\",\"position\":2,\"name\":\"Thalasso SPA &#038; S\u1ee9c kh\u1ecfe\",\"item\":\"https:\/\/pullman.accorv2prod.decms.eu\/vi\/thalasso-spa-wellness\/\"},{\"@type\":\"ListItem\",\"position\":3,\"name\":\"Khoa\u0341ng tuy\u00ea\u0340n\"}]},{\"@type\":\"WebSite\",\"@id\":\"https:\/\/pullman.accorv2prod.decms.eu\/#website\",\"url\":\"https:\/\/pullman.accorv2prod.decms.eu\/\",\"name\":\"Pullman Cairns International\",\"description\":\"Just another Matteo Canever Site Sites site\",\"potentialAction\":[{\"@type\":\"SearchAction\",\"target\":{\"@type\":\"EntryPoint\",\"urlTemplate\":\"https:\/\/pullman.accorv2prod.decms.eu\/?s={search_term_string}\"},\"query-input\":{\"@type\":\"PropertyValueSpecification\",\"valueRequired\":true,\"valueName\":\"search_term_string\"}}],\"inLanguage\":\"vi-VN\"}]}<\/script>\n<!-- \/ Yoast SEO plugin. -->","yoast_head_json":{"title":"Khoa\u0341ng tuy\u00ea\u0340n - Pullman Cairns International","robots":{"index":"noindex","follow":"follow","max-snippet":"max-snippet:-1","max-image-preview":"max-image-preview:large","max-video-preview":"max-video-preview:-1"},"og_locale":"vi_VN","og_type":"article","og_title":"Khoa\u0341ng tuy\u00ea\u0340n - Pullman Cairns International","og_description":"L\u00e0 th\u00e0nh vi\u00ean thu\u1ed9c nh\u00e1nh th\u01b0\u01a1ng hi\u1ec7u Mgallery c\u1ee7a t\u1eadp \u0111o\u00e0n Accor t\u1ea1i Vi\u1ec7t Nam, H\u00f4tel des Arts Saigon g\u1ee3i nh\u1edb v\u1ec1 th\u1eddi \u0111\u00e3 qua khi m\u00e0 nh\u1eefng chuy\u1ebfn du h\u00e0nh v\u1ec1 mi\u1ec1n vi\u1ec5n \u0110\u00f4ng ch\u1ec9 d\u00e0nh cho gi\u1edbi m\u1ed9 \u0111i\u1ec7u c\u1ee7a t\u1ea7ng l\u1edbp th\u01b0\u1ee3ng l\u01b0u. Kh\u00f4ng gian \u0111\u01b0\u1ee3c thi\u1ebft k\u1ebf mang \u0111\u1ebfn cho du [&hellip;]","og_url":"https:\/\/pullman.accorv2prod.decms.eu\/vi\/thalasso-spa-suc-khoe\/khoang-tuye%cd%80n\/","og_site_name":"Pullman Cairns International","article_modified_time":"2022-07-29T11:51:46+00:00","twitter_card":"summary_large_image","twitter_misc":{"Est. reading time":"1 minute"},"schema":{"@context":"https:\/\/schema.org","@graph":[{"@type":"WebPage","@id":"https:\/\/pullman.accorv2prod.decms.eu\/vi\/thalasso-spa-suc-khoe\/khoang-tuye%cd%80n\/","url":"https:\/\/pullman.accorv2prod.decms.eu\/vi\/thalasso-spa-suc-khoe\/khoang-tuye%cd%80n\/","name":"Khoa\u0341ng tuy\u00ea\u0340n - Pullman Cairns International","isPartOf":{"@id":"https:\/\/pullman.accorv2prod.decms.eu\/#website"},"datePublished":"2021-07-01T09:11:27+00:00","dateModified":"2022-07-29T11:51:46+00:00","breadcrumb":{"@id":"https:\/\/pullman.accorv2prod.decms.eu\/vi\/thalasso-spa-suc-khoe\/khoang-tuye%cd%80n\/#breadcrumb"},"inLanguage":"vi-VN","potentialAction":[{"@type":"ReadAction","target":["https:\/\/pullman.accorv2prod.decms.eu\/vi\/thalasso-spa-suc-khoe\/khoang-tuye%cd%80n\/"]}]},{"@type":"BreadcrumbList","@id":"https:\/\/pullman.accorv2prod.decms.eu\/vi\/thalasso-spa-suc-khoe\/khoang-tuye%cd%80n\/#breadcrumb","itemListElement":[{"@type":"ListItem","position":1,"name":"Home","item":"https:\/\/pullman.accorv2prod.decms.eu\/vi\/home\/"},{"@type":"ListItem","position":2,"name":"Thalasso SPA &#038; S\u1ee9c kh\u1ecfe","item":"https:\/\/pullman.accorv2prod.decms.eu\/vi\/thalasso-spa-wellness\/"},{"@type":"ListItem","position":3,"name":"Khoa\u0341ng tuy\u00ea\u0340n"}]},{"@type":"WebSite","@id":"https:\/\/pullman.accorv2prod.decms.eu\/#website","url":"https:\/\/pullman.accorv2prod.decms.eu\/","name":"Pullman Cairns International","description":"Just another Matteo Canever Site Sites site","potentialAction":[{"@type":"SearchAction","target":{"@type":"EntryPoint","urlTemplate":"https:\/\/pullman.accorv2prod.decms.eu\/?s={search_term_string}"},"query-input":{"@type":"PropertyValueSpecification","valueRequired":true,"valueName":"search_term_string"}}],"inLanguage":"vi-VN"}]}},"_links":{"self":[{"href":"https:\/\/pullman.accorv2prod.decms.eu\/vi\/wp-json\/wp\/v2\/pages\/929","targetHints":{"allow":["GET"]}}],"collection":[{"href":"https:\/\/pullman.accorv2prod.decms.eu\/vi\/wp-json\/wp\/v2\/pages"}],"about":[{"href":"https:\/\/pullman.accorv2prod.decms.eu\/vi\/wp-json\/wp\/v2\/types\/page"}],"author":[{"embeddable":true,"href":"https:\/\/pullman.accorv2prod.decms.eu\/vi\/wp-json\/wp\/v2\/users\/2"}],"replies":[{"embeddable":true,"href":"https:\/\/pullman.accorv2prod.decms.eu\/vi\/wp-json\/wp\/v2\/comments?post=929"}],"version-history":[{"count":0,"href":"https:\/\/pullman.accorv2prod.decms.eu\/vi\/wp-json\/wp\/v2\/pages\/929\/revisions"}],"up":[{"embeddable":true,"href":"https:\/\/pullman.accorv2prod.decms.eu\/vi\/wp-json\/wp\/v2\/pages\/928"}],"wp:attachment":[{"href":"https:\/\/pullman.accorv2prod.decms.eu\/vi\/wp-json\/wp\/v2\/media?parent=929"}],"wp:term":[{"taxonomy":"category","embeddable":true,"href":"https:\/\/pullman.accorv2prod.decms.eu\/vi\/wp-json\/wp\/v2\/categories?post=929"}],"curies":[{"name":"wp","href":"https:\/\/api.w.org\/{rel}","templated":true}]}}