{"id":931,"date":"2021-07-01T09:17:08","date_gmt":"2021-07-01T09:17:08","guid":{"rendered":"https:\/\/pullman.accorv2prod.decms.eu\/?page_id=931"},"modified":"2022-07-21T10:42:16","modified_gmt":"2022-07-21T10:42:16","slug":"viec-can-lam","status":"publish","type":"page","link":"https:\/\/pullman.accorv2prod.decms.eu\/vi\/viec-can-lam\/","title":{"rendered":"Vi\u1ec7c c\u1ea7n l\u00e0m"},"content":{"rendered":"<p>M\u1ed7i kh\u00e1ch s\u1ea1n boutique trong b\u1ed9 s\u01b0u t\u1eadp MGallery mang \u0111\u1ebfn m\u1ed9t c\u00e2u chuy\u1ec7n \u0111\u1ed9c \u0111\u00e1o, m\u1eddi g\u1ecdi kh\u00e1ch h\u00e0ng \u0111\u1eafm ch\u00ecm v\u00e0o nh\u1eefng c\u00e2u chuy\u1ec7n phi\u00eau l\u01b0u, l\u00e3ng m\u1ea1n, l\u1ecbch s\u1eed, v\u0103n h\u00f3a, t\u1ef1 nhi\u00ean, t\u1ea5t c\u1ea3 l\u00e0m n\u00ean m\u1ed9t k\u1ef3 l\u01b0u tr\u00fa th\u1eadt \u0111\u00e1ng nh\u1edb. H\u00e3y kh\u00e1m ph\u00e1 nh\u1eefng \u0111i\u1ec3m n\u1ed5i b\u1eadt trong c\u00e2u chuy\u1ec7n c\u1ee7a ch\u00fang t\u00f4i t\u1ea1i \u0111\u00e2y.<\/p>\n","protected":false},"excerpt":{"rendered":"<p>M\u1ed7i kh\u00e1ch s\u1ea1n boutique trong b\u1ed9 s\u01b0u t\u1eadp MGallery mang \u0111\u1ebfn m\u1ed9t c\u00e2u chuy\u1ec7n \u0111\u1ed9c \u0111\u00e1o, m\u1eddi g\u1ecdi kh\u00e1ch h\u00e0ng \u0111\u1eafm ch\u00ecm v\u00e0o nh\u1eefng c\u00e2u chuy\u1ec7n phi\u00eau l\u01b0u, l\u00e3ng m\u1ea1n, l\u1ecbch s\u1eed, v\u0103n h\u00f3a, t\u1ef1 nhi\u00ean, t\u1ea5t c\u1ea3 l\u00e0m n\u00ean m\u1ed9t k\u1ef3 l\u01b0u tr\u00fa th\u1eadt \u0111\u00e1ng nh\u1edb. H\u00e3y kh\u00e1m ph\u00e1 nh\u1eefng \u0111i\u1ec3m n\u1ed5i b\u1eadt trong [&hellip;]<\/p>\n","protected":false},"author":2,"featured_media":0,"parent":0,"menu_order":800,"comment_status":"closed","ping_status":"closed","template":"template-things-to-do.php","meta":{"footnotes":""},"categories":[],"class_list":["post-931","page","type-page","status-publish","hentry"],"acf":[],"yoast_head":"<!-- This site is optimized with the Yoast SEO plugin v26.9 - https:\/\/yoast.com\/product\/yoast-seo-wordpress\/ -->\n<title>Vi\u1ec7c c\u1ea7n l\u00e0m - Pullman Cairns International<\/title>\n<meta name=\"robots\" content=\"noindex, follow, max-snippet:-1, max-image-preview:large, max-video-preview:-1\" \/>\n<meta property=\"og:locale\" content=\"vi_VN\" \/>\n<meta property=\"og:type\" content=\"article\" \/>\n<meta property=\"og:title\" content=\"Vi\u1ec7c c\u1ea7n l\u00e0m - Pullman Cairns International\" \/>\n<meta property=\"og:description\" content=\"M\u1ed7i kh\u00e1ch s\u1ea1n boutique trong b\u1ed9 s\u01b0u t\u1eadp MGallery mang \u0111\u1ebfn m\u1ed9t c\u00e2u chuy\u1ec7n \u0111\u1ed9c \u0111\u00e1o, m\u1eddi g\u1ecdi kh\u00e1ch h\u00e0ng \u0111\u1eafm ch\u00ecm v\u00e0o nh\u1eefng c\u00e2u chuy\u1ec7n phi\u00eau l\u01b0u, l\u00e3ng m\u1ea1n, l\u1ecbch s\u1eed, v\u0103n h\u00f3a, t\u1ef1 nhi\u00ean, t\u1ea5t c\u1ea3 l\u00e0m n\u00ean m\u1ed9t k\u1ef3 l\u01b0u tr\u00fa th\u1eadt \u0111\u00e1ng nh\u1edb. H\u00e3y kh\u00e1m ph\u00e1 nh\u1eefng \u0111i\u1ec3m n\u1ed5i b\u1eadt trong [&hellip;]\" \/>\n<meta property=\"og:url\" content=\"https:\/\/pullman.accorv2prod.decms.eu\/vi\/viec-can-lam\/\" \/>\n<meta property=\"og:site_name\" content=\"Pullman Cairns International\" \/>\n<meta property=\"article:modified_time\" content=\"2022-07-21T10:42:16+00:00\" \/>\n<meta name=\"twitter:card\" content=\"summary_large_image\" \/>\n<meta name=\"twitter:label1\" content=\"Est. reading time\" \/>\n\t<meta name=\"twitter:data1\" content=\"1 minute\" \/>\n<script type=\"application\/ld+json\" class=\"yoast-schema-graph\">{\"@context\":\"https:\/\/schema.org\",\"@graph\":[{\"@type\":\"WebPage\",\"@id\":\"https:\/\/pullman.accorv2prod.decms.eu\/vi\/viec-can-lam\/\",\"url\":\"https:\/\/pullman.accorv2prod.decms.eu\/vi\/viec-can-lam\/\",\"name\":\"Vi\u1ec7c c\u1ea7n l\u00e0m - Pullman Cairns International\",\"isPartOf\":{\"@id\":\"https:\/\/pullman.accorv2prod.decms.eu\/#website\"},\"datePublished\":\"2021-07-01T09:17:08+00:00\",\"dateModified\":\"2022-07-21T10:42:16+00:00\",\"breadcrumb\":{\"@id\":\"https:\/\/pullman.accorv2prod.decms.eu\/vi\/viec-can-lam\/#breadcrumb\"},\"inLanguage\":\"vi-VN\",\"potentialAction\":[{\"@type\":\"ReadAction\",\"target\":[\"https:\/\/pullman.accorv2prod.decms.eu\/vi\/viec-can-lam\/\"]}]},{\"@type\":\"BreadcrumbList\",\"@id\":\"https:\/\/pullman.accorv2prod.decms.eu\/vi\/viec-can-lam\/#breadcrumb\",\"itemListElement\":[{\"@type\":\"ListItem\",\"position\":1,\"name\":\"Home\",\"item\":\"https:\/\/pullman.accorv2prod.decms.eu\/vi\/home\/\"},{\"@type\":\"ListItem\",\"position\":2,\"name\":\"Vi\u1ec7c c\u1ea7n l\u00e0m\"}]},{\"@type\":\"WebSite\",\"@id\":\"https:\/\/pullman.accorv2prod.decms.eu\/#website\",\"url\":\"https:\/\/pullman.accorv2prod.decms.eu\/\",\"name\":\"Pullman Cairns International\",\"description\":\"Just another Matteo Canever Site Sites site\",\"potentialAction\":[{\"@type\":\"SearchAction\",\"target\":{\"@type\":\"EntryPoint\",\"urlTemplate\":\"https:\/\/pullman.accorv2prod.decms.eu\/?s={search_term_string}\"},\"query-input\":{\"@type\":\"PropertyValueSpecification\",\"valueRequired\":true,\"valueName\":\"search_term_string\"}}],\"inLanguage\":\"vi-VN\"}]}<\/script>\n<!-- \/ Yoast SEO plugin. -->","yoast_head_json":{"title":"Vi\u1ec7c c\u1ea7n l\u00e0m - Pullman Cairns International","robots":{"index":"noindex","follow":"follow","max-snippet":"max-snippet:-1","max-image-preview":"max-image-preview:large","max-video-preview":"max-video-preview:-1"},"og_locale":"vi_VN","og_type":"article","og_title":"Vi\u1ec7c c\u1ea7n l\u00e0m - Pullman Cairns International","og_description":"M\u1ed7i kh\u00e1ch s\u1ea1n boutique trong b\u1ed9 s\u01b0u t\u1eadp MGallery mang \u0111\u1ebfn m\u1ed9t c\u00e2u chuy\u1ec7n \u0111\u1ed9c \u0111\u00e1o, m\u1eddi g\u1ecdi kh\u00e1ch h\u00e0ng \u0111\u1eafm ch\u00ecm v\u00e0o nh\u1eefng c\u00e2u chuy\u1ec7n phi\u00eau l\u01b0u, l\u00e3ng m\u1ea1n, l\u1ecbch s\u1eed, v\u0103n h\u00f3a, t\u1ef1 nhi\u00ean, t\u1ea5t c\u1ea3 l\u00e0m n\u00ean m\u1ed9t k\u1ef3 l\u01b0u tr\u00fa th\u1eadt \u0111\u00e1ng nh\u1edb. H\u00e3y kh\u00e1m ph\u00e1 nh\u1eefng \u0111i\u1ec3m n\u1ed5i b\u1eadt trong [&hellip;]","og_url":"https:\/\/pullman.accorv2prod.decms.eu\/vi\/viec-can-lam\/","og_site_name":"Pullman Cairns International","article_modified_time":"2022-07-21T10:42:16+00:00","twitter_card":"summary_large_image","twitter_misc":{"Est. reading time":"1 minute"},"schema":{"@context":"https:\/\/schema.org","@graph":[{"@type":"WebPage","@id":"https:\/\/pullman.accorv2prod.decms.eu\/vi\/viec-can-lam\/","url":"https:\/\/pullman.accorv2prod.decms.eu\/vi\/viec-can-lam\/","name":"Vi\u1ec7c c\u1ea7n l\u00e0m - Pullman Cairns International","isPartOf":{"@id":"https:\/\/pullman.accorv2prod.decms.eu\/#website"},"datePublished":"2021-07-01T09:17:08+00:00","dateModified":"2022-07-21T10:42:16+00:00","breadcrumb":{"@id":"https:\/\/pullman.accorv2prod.decms.eu\/vi\/viec-can-lam\/#breadcrumb"},"inLanguage":"vi-VN","potentialAction":[{"@type":"ReadAction","target":["https:\/\/pullman.accorv2prod.decms.eu\/vi\/viec-can-lam\/"]}]},{"@type":"BreadcrumbList","@id":"https:\/\/pullman.accorv2prod.decms.eu\/vi\/viec-can-lam\/#breadcrumb","itemListElement":[{"@type":"ListItem","position":1,"name":"Home","item":"https:\/\/pullman.accorv2prod.decms.eu\/vi\/home\/"},{"@type":"ListItem","position":2,"name":"Vi\u1ec7c c\u1ea7n l\u00e0m"}]},{"@type":"WebSite","@id":"https:\/\/pullman.accorv2prod.decms.eu\/#website","url":"https:\/\/pullman.accorv2prod.decms.eu\/","name":"Pullman Cairns International","description":"Just another Matteo Canever Site Sites site","potentialAction":[{"@type":"SearchAction","target":{"@type":"EntryPoint","urlTemplate":"https:\/\/pullman.accorv2prod.decms.eu\/?s={search_term_string}"},"query-input":{"@type":"PropertyValueSpecification","valueRequired":true,"valueName":"search_term_string"}}],"inLanguage":"vi-VN"}]}},"_links":{"self":[{"href":"https:\/\/pullman.accorv2prod.decms.eu\/vi\/wp-json\/wp\/v2\/pages\/931","targetHints":{"allow":["GET"]}}],"collection":[{"href":"https:\/\/pullman.accorv2prod.decms.eu\/vi\/wp-json\/wp\/v2\/pages"}],"about":[{"href":"https:\/\/pullman.accorv2prod.decms.eu\/vi\/wp-json\/wp\/v2\/types\/page"}],"author":[{"embeddable":true,"href":"https:\/\/pullman.accorv2prod.decms.eu\/vi\/wp-json\/wp\/v2\/users\/2"}],"replies":[{"embeddable":true,"href":"https:\/\/pullman.accorv2prod.decms.eu\/vi\/wp-json\/wp\/v2\/comments?post=931"}],"version-history":[{"count":0,"href":"https:\/\/pullman.accorv2prod.decms.eu\/vi\/wp-json\/wp\/v2\/pages\/931\/revisions"}],"wp:attachment":[{"href":"https:\/\/pullman.accorv2prod.decms.eu\/vi\/wp-json\/wp\/v2\/media?parent=931"}],"wp:term":[{"taxonomy":"category","embeddable":true,"href":"https:\/\/pullman.accorv2prod.decms.eu\/vi\/wp-json\/wp\/v2\/categories?post=931"}],"curies":[{"name":"wp","href":"https:\/\/api.w.org\/{rel}","templated":true}]}}