{"id":954,"date":"2021-07-01T13:40:49","date_gmt":"2021-07-01T13:40:49","guid":{"rendered":"https:\/\/pullman.accorv2prod.decms.eu\/?page_id=954"},"modified":"2021-08-04T10:29:05","modified_gmt":"2021-08-04T10:29:05","slug":"landing-page-generic","status":"publish","type":"page","link":"https:\/\/pullman.accorv2prod.decms.eu\/vi\/landing-page-generic\/","title":{"rendered":"Trang \u0111\u00edch &#8211; chung chung"},"content":{"rendered":"<p>ue 5 sao H\u00f4tel des Arts Saigon \u0111\u01b0\u1ee3c thi\u1ebft k\u1ebf nh\u01b0 m\u1ed9t vi\u1ec7n b\u1ea3o t\u00e0ng ngh\u1ec7 thu\u1eadt. V\u1edbi nh\u1eefng \u0111\u01b0\u1eddng n\u00e9t n\u1eef t\u00ednh t\u01b0\u01a1ng ph\u1ea3n ho\u00e0n to\u00e0n v\u1edbi nh\u1eefng t\u00f2a nh\u00e0 l\u00e2n c\u1eadn, kh\u00e1ch s\u1ea1n nh\u01b0 m\u1ed9t ki\u1ec7t t\u00e1c ngh\u1ec7 thu\u1eadt hi\u1ec7n \u0111\u1ea1i gi\u1eefa l\u00f2ng S\u00e0i G\u00f2n. H\u00f4tel des Arts Saigon, MGallery vinh d\u1ef1 \u0111\u01b0\u1ee3c nh\u1eadn danh hi\u1ec7u uy t\u00edn t\u1ea1i Gi\u1ea3i th\u01b0\u1edfng Kh\u00e1ch S\u1ea1n Sang Tr\u1ecdng Th\u1ebfGi\u1edbi n\u0103m t\u1eeb n\u0103m 2016 \u0111\u1ebfn 2018 cho nhi\u1ec1u h\u1ea1n m\u1ee5c kh\u00e1ch nhau bao g\u1ed3m \u201cKh\u00e1ch s\u1ea1n Sang tr\u1ecdng nh\u1ea5t Ch\u00e2u \u00c1\u201d, \u201cKh\u00e1ch s\u1ea1n c\u00f3 thi\u1ebft k\u1ebf sang tr\u1ecdng nh\u1ea5t \u0110\u00f4ng Nam \u00c1\u201d. Ngo\u00e0i ra kh\u00e1ch s\u1ea1n c\u00f2n \u0111\u01b0\u1ee3c vinh danh \u201cKh\u00e1ch s\u1ea1n<\/p>\n","protected":false},"excerpt":{"rendered":"<p>ue 5 sao H\u00f4tel des Arts Saigon \u0111\u01b0\u1ee3c thi\u1ebft k\u1ebf nh\u01b0 m\u1ed9t vi\u1ec7n b\u1ea3o t\u00e0ng ngh\u1ec7 thu\u1eadt. V\u1edbi nh\u1eefng \u0111\u01b0\u1eddng n\u00e9t n\u1eef t\u00ednh t\u01b0\u01a1ng ph\u1ea3n ho\u00e0n to\u00e0n v\u1edbi nh\u1eefng t\u00f2a nh\u00e0 l\u00e2n c\u1eadn, kh\u00e1ch s\u1ea1n nh\u01b0 m\u1ed9t ki\u1ec7t t\u00e1c ngh\u1ec7 thu\u1eadt hi\u1ec7n \u0111\u1ea1i gi\u1eefa l\u00f2ng S\u00e0i G\u00f2n. H\u00f4tel des Arts Saigon, MGallery vinh d\u1ef1 \u0111\u01b0\u1ee3c [&hellip;]<\/p>\n","protected":false},"author":2,"featured_media":0,"parent":0,"menu_order":1500,"comment_status":"closed","ping_status":"closed","template":"","meta":{"footnotes":""},"categories":[],"class_list":["post-954","page","type-page","status-publish","hentry"],"acf":[],"yoast_head":"<!-- This site is optimized with the Yoast SEO plugin v26.9 - https:\/\/yoast.com\/product\/yoast-seo-wordpress\/ -->\n<title>Trang \u0111\u00edch - chung chung - Pullman Cairns International<\/title>\n<meta name=\"robots\" content=\"noindex, follow, max-snippet:-1, max-image-preview:large, max-video-preview:-1\" \/>\n<meta property=\"og:locale\" content=\"vi_VN\" \/>\n<meta property=\"og:type\" content=\"article\" \/>\n<meta property=\"og:title\" content=\"Trang \u0111\u00edch - chung chung - Pullman Cairns International\" \/>\n<meta property=\"og:description\" content=\"ue 5 sao H\u00f4tel des Arts Saigon \u0111\u01b0\u1ee3c thi\u1ebft k\u1ebf nh\u01b0 m\u1ed9t vi\u1ec7n b\u1ea3o t\u00e0ng ngh\u1ec7 thu\u1eadt. V\u1edbi nh\u1eefng \u0111\u01b0\u1eddng n\u00e9t n\u1eef t\u00ednh t\u01b0\u01a1ng ph\u1ea3n ho\u00e0n to\u00e0n v\u1edbi nh\u1eefng t\u00f2a nh\u00e0 l\u00e2n c\u1eadn, kh\u00e1ch s\u1ea1n nh\u01b0 m\u1ed9t ki\u1ec7t t\u00e1c ngh\u1ec7 thu\u1eadt hi\u1ec7n \u0111\u1ea1i gi\u1eefa l\u00f2ng S\u00e0i G\u00f2n. H\u00f4tel des Arts Saigon, MGallery vinh d\u1ef1 \u0111\u01b0\u1ee3c [&hellip;]\" \/>\n<meta property=\"og:url\" content=\"https:\/\/pullman.accorv2prod.decms.eu\/vi\/landing-page-generic\/\" \/>\n<meta property=\"og:site_name\" content=\"Pullman Cairns International\" \/>\n<meta property=\"article:modified_time\" content=\"2021-08-04T10:29:05+00:00\" \/>\n<meta name=\"twitter:card\" content=\"summary_large_image\" \/>\n<meta name=\"twitter:label1\" content=\"Est. reading time\" \/>\n\t<meta name=\"twitter:data1\" content=\"1 minute\" \/>\n<script type=\"application\/ld+json\" class=\"yoast-schema-graph\">{\"@context\":\"https:\/\/schema.org\",\"@graph\":[{\"@type\":\"WebPage\",\"@id\":\"https:\/\/pullman.accorv2prod.decms.eu\/vi\/landing-page-generic\/\",\"url\":\"https:\/\/pullman.accorv2prod.decms.eu\/vi\/landing-page-generic\/\",\"name\":\"Trang \u0111\u00edch - chung chung - Pullman Cairns International\",\"isPartOf\":{\"@id\":\"https:\/\/pullman.accorv2prod.decms.eu\/#website\"},\"datePublished\":\"2021-07-01T13:40:49+00:00\",\"dateModified\":\"2021-08-04T10:29:05+00:00\",\"breadcrumb\":{\"@id\":\"https:\/\/pullman.accorv2prod.decms.eu\/vi\/landing-page-generic\/#breadcrumb\"},\"inLanguage\":\"vi-VN\",\"potentialAction\":[{\"@type\":\"ReadAction\",\"target\":[\"https:\/\/pullman.accorv2prod.decms.eu\/vi\/landing-page-generic\/\"]}]},{\"@type\":\"BreadcrumbList\",\"@id\":\"https:\/\/pullman.accorv2prod.decms.eu\/vi\/landing-page-generic\/#breadcrumb\",\"itemListElement\":[{\"@type\":\"ListItem\",\"position\":1,\"name\":\"Home\",\"item\":\"https:\/\/pullman.accorv2prod.decms.eu\/vi\/home\/\"},{\"@type\":\"ListItem\",\"position\":2,\"name\":\"Trang \u0111\u00edch &#8211; chung chung\"}]},{\"@type\":\"WebSite\",\"@id\":\"https:\/\/pullman.accorv2prod.decms.eu\/#website\",\"url\":\"https:\/\/pullman.accorv2prod.decms.eu\/\",\"name\":\"Pullman Cairns International\",\"description\":\"Just another Matteo Canever Site Sites site\",\"potentialAction\":[{\"@type\":\"SearchAction\",\"target\":{\"@type\":\"EntryPoint\",\"urlTemplate\":\"https:\/\/pullman.accorv2prod.decms.eu\/?s={search_term_string}\"},\"query-input\":{\"@type\":\"PropertyValueSpecification\",\"valueRequired\":true,\"valueName\":\"search_term_string\"}}],\"inLanguage\":\"vi-VN\"}]}<\/script>\n<!-- \/ Yoast SEO plugin. -->","yoast_head_json":{"title":"Trang \u0111\u00edch - chung chung - Pullman Cairns International","robots":{"index":"noindex","follow":"follow","max-snippet":"max-snippet:-1","max-image-preview":"max-image-preview:large","max-video-preview":"max-video-preview:-1"},"og_locale":"vi_VN","og_type":"article","og_title":"Trang \u0111\u00edch - chung chung - Pullman Cairns International","og_description":"ue 5 sao H\u00f4tel des Arts Saigon \u0111\u01b0\u1ee3c thi\u1ebft k\u1ebf nh\u01b0 m\u1ed9t vi\u1ec7n b\u1ea3o t\u00e0ng ngh\u1ec7 thu\u1eadt. V\u1edbi nh\u1eefng \u0111\u01b0\u1eddng n\u00e9t n\u1eef t\u00ednh t\u01b0\u01a1ng ph\u1ea3n ho\u00e0n to\u00e0n v\u1edbi nh\u1eefng t\u00f2a nh\u00e0 l\u00e2n c\u1eadn, kh\u00e1ch s\u1ea1n nh\u01b0 m\u1ed9t ki\u1ec7t t\u00e1c ngh\u1ec7 thu\u1eadt hi\u1ec7n \u0111\u1ea1i gi\u1eefa l\u00f2ng S\u00e0i G\u00f2n. H\u00f4tel des Arts Saigon, MGallery vinh d\u1ef1 \u0111\u01b0\u1ee3c [&hellip;]","og_url":"https:\/\/pullman.accorv2prod.decms.eu\/vi\/landing-page-generic\/","og_site_name":"Pullman Cairns International","article_modified_time":"2021-08-04T10:29:05+00:00","twitter_card":"summary_large_image","twitter_misc":{"Est. reading time":"1 minute"},"schema":{"@context":"https:\/\/schema.org","@graph":[{"@type":"WebPage","@id":"https:\/\/pullman.accorv2prod.decms.eu\/vi\/landing-page-generic\/","url":"https:\/\/pullman.accorv2prod.decms.eu\/vi\/landing-page-generic\/","name":"Trang \u0111\u00edch - chung chung - Pullman Cairns International","isPartOf":{"@id":"https:\/\/pullman.accorv2prod.decms.eu\/#website"},"datePublished":"2021-07-01T13:40:49+00:00","dateModified":"2021-08-04T10:29:05+00:00","breadcrumb":{"@id":"https:\/\/pullman.accorv2prod.decms.eu\/vi\/landing-page-generic\/#breadcrumb"},"inLanguage":"vi-VN","potentialAction":[{"@type":"ReadAction","target":["https:\/\/pullman.accorv2prod.decms.eu\/vi\/landing-page-generic\/"]}]},{"@type":"BreadcrumbList","@id":"https:\/\/pullman.accorv2prod.decms.eu\/vi\/landing-page-generic\/#breadcrumb","itemListElement":[{"@type":"ListItem","position":1,"name":"Home","item":"https:\/\/pullman.accorv2prod.decms.eu\/vi\/home\/"},{"@type":"ListItem","position":2,"name":"Trang \u0111\u00edch &#8211; chung chung"}]},{"@type":"WebSite","@id":"https:\/\/pullman.accorv2prod.decms.eu\/#website","url":"https:\/\/pullman.accorv2prod.decms.eu\/","name":"Pullman Cairns International","description":"Just another Matteo Canever Site Sites site","potentialAction":[{"@type":"SearchAction","target":{"@type":"EntryPoint","urlTemplate":"https:\/\/pullman.accorv2prod.decms.eu\/?s={search_term_string}"},"query-input":{"@type":"PropertyValueSpecification","valueRequired":true,"valueName":"search_term_string"}}],"inLanguage":"vi-VN"}]}},"_links":{"self":[{"href":"https:\/\/pullman.accorv2prod.decms.eu\/vi\/wp-json\/wp\/v2\/pages\/954","targetHints":{"allow":["GET"]}}],"collection":[{"href":"https:\/\/pullman.accorv2prod.decms.eu\/vi\/wp-json\/wp\/v2\/pages"}],"about":[{"href":"https:\/\/pullman.accorv2prod.decms.eu\/vi\/wp-json\/wp\/v2\/types\/page"}],"author":[{"embeddable":true,"href":"https:\/\/pullman.accorv2prod.decms.eu\/vi\/wp-json\/wp\/v2\/users\/2"}],"replies":[{"embeddable":true,"href":"https:\/\/pullman.accorv2prod.decms.eu\/vi\/wp-json\/wp\/v2\/comments?post=954"}],"version-history":[{"count":0,"href":"https:\/\/pullman.accorv2prod.decms.eu\/vi\/wp-json\/wp\/v2\/pages\/954\/revisions"}],"wp:attachment":[{"href":"https:\/\/pullman.accorv2prod.decms.eu\/vi\/wp-json\/wp\/v2\/media?parent=954"}],"wp:term":[{"taxonomy":"category","embeddable":true,"href":"https:\/\/pullman.accorv2prod.decms.eu\/vi\/wp-json\/wp\/v2\/categories?post=954"}],"curies":[{"name":"wp","href":"https:\/\/api.w.org\/{rel}","templated":true}]}}