{"id":957,"date":"2021-07-01T13:44:21","date_gmt":"2021-07-01T13:44:21","guid":{"rendered":"https:\/\/pullman.accorv2prod.decms.eu\/?page_id=957"},"modified":"2021-08-04T10:29:13","modified_gmt":"2021-08-04T10:29:13","slug":"landing-page-offers","status":"publish","type":"page","link":"https:\/\/pullman.accorv2prod.decms.eu\/vi\/landing-page-offers\/","title":{"rendered":"Trang \u0111\u00edch &#8211; phi\u1ebfu mua h\u00e0ng"},"content":{"rendered":"<p>M\u1ed7i nh\u00e0 h\u00e0ng v\u00e0 qu\u1ea7y bar b\u00ean trong kh\u00e1ch s\u1ea1n \u0111\u1ec1u c\u00f3 b\u1ea3n s\u1eafc v\u00e0 tinh th\u1ea7n ri\u00eang. N\u1ebfu nh\u01b0 nh\u00e0 h\u00e0ng Saigon Kitchen \u0111\u01b0a b\u1ea1n tr\u1edf v\u1ec1 kh\u00f4ng kh\u00ed nh\u1ed9n nh\u1ecbp c\u1ee7a nh\u1eefng phi\u00ean ch\u1ee3 Vi\u1ec7t nam th\u1eddi <strong>x\u01b0a, th\u01b0\u1edfng th\u1ee9c h\u01b0\u01a1ng v\u1ecb phong ph\u00fa v\u00e0 tinh t\u1ebf c\u1ee7<\/strong>a \u1ea9m th\u1ef1c 3 mi\u1ec1n c\u0169ng nh\u01b0 \u1ea9m th\u1ef1c c\u00e1c n\u01b0\u1edbc Ch\u00e2u \u00c1 kh\u00e1c; th\u00ec khi \u0111\u1ebfn v\u1edbi nh\u00e0 h\u00e0ng v\u00e0 lounge Social Club tr\u00ean t\u1ea7ng 23 &#8211; thi\u1ebft k\u1ebf b\u1edfi c\u00f4ng ty n\u1ed9i th\u1ea5t n\u1ed5<\/p>\n","protected":false},"excerpt":{"rendered":"<p>M\u1ed7i nh\u00e0 h\u00e0ng v\u00e0 qu\u1ea7y bar b\u00ean trong kh\u00e1ch s\u1ea1n \u0111\u1ec1u c\u00f3 b\u1ea3n s\u1eafc v\u00e0 tinh th\u1ea7n ri\u00eang. N\u1ebfu nh\u01b0 nh\u00e0 h\u00e0ng Saigon Kitchen \u0111\u01b0a b\u1ea1n tr\u1edf v\u1ec1 kh\u00f4ng kh\u00ed nh\u1ed9n nh\u1ecbp c\u1ee7a nh\u1eefng phi\u00ean ch\u1ee3 Vi\u1ec7t nam th\u1eddi x\u01b0a, th\u01b0\u1edfng th\u1ee9c h\u01b0\u01a1ng v\u1ecb phong ph\u00fa v\u00e0 tinh t\u1ebf c\u1ee7a \u1ea9m th\u1ef1c 3 mi\u1ec1n c\u0169ng [&hellip;]<\/p>\n","protected":false},"author":2,"featured_media":0,"parent":0,"menu_order":1600,"comment_status":"closed","ping_status":"closed","template":"","meta":{"footnotes":""},"categories":[],"class_list":["post-957","page","type-page","status-publish","hentry"],"acf":[],"yoast_head":"<!-- This site is optimized with the Yoast SEO plugin v26.9 - https:\/\/yoast.com\/product\/yoast-seo-wordpress\/ -->\n<title>Trang \u0111\u00edch - phi\u1ebfu mua h\u00e0ng - Pullman Cairns International<\/title>\n<meta name=\"robots\" content=\"noindex, follow, max-snippet:-1, max-image-preview:large, max-video-preview:-1\" \/>\n<meta property=\"og:locale\" content=\"vi_VN\" \/>\n<meta property=\"og:type\" content=\"article\" \/>\n<meta property=\"og:title\" content=\"Trang \u0111\u00edch - phi\u1ebfu mua h\u00e0ng - Pullman Cairns International\" \/>\n<meta property=\"og:description\" content=\"M\u1ed7i nh\u00e0 h\u00e0ng v\u00e0 qu\u1ea7y bar b\u00ean trong kh\u00e1ch s\u1ea1n \u0111\u1ec1u c\u00f3 b\u1ea3n s\u1eafc v\u00e0 tinh th\u1ea7n ri\u00eang. N\u1ebfu nh\u01b0 nh\u00e0 h\u00e0ng Saigon Kitchen \u0111\u01b0a b\u1ea1n tr\u1edf v\u1ec1 kh\u00f4ng kh\u00ed nh\u1ed9n nh\u1ecbp c\u1ee7a nh\u1eefng phi\u00ean ch\u1ee3 Vi\u1ec7t nam th\u1eddi x\u01b0a, th\u01b0\u1edfng th\u1ee9c h\u01b0\u01a1ng v\u1ecb phong ph\u00fa v\u00e0 tinh t\u1ebf c\u1ee7a \u1ea9m th\u1ef1c 3 mi\u1ec1n c\u0169ng [&hellip;]\" \/>\n<meta property=\"og:url\" content=\"https:\/\/pullman.accorv2prod.decms.eu\/vi\/landing-page-offers\/\" \/>\n<meta property=\"og:site_name\" content=\"Pullman Cairns International\" \/>\n<meta property=\"article:modified_time\" content=\"2021-08-04T10:29:13+00:00\" \/>\n<meta name=\"twitter:card\" content=\"summary_large_image\" \/>\n<meta name=\"twitter:label1\" content=\"Est. reading time\" \/>\n\t<meta name=\"twitter:data1\" content=\"1 minute\" \/>\n<script type=\"application\/ld+json\" class=\"yoast-schema-graph\">{\"@context\":\"https:\/\/schema.org\",\"@graph\":[{\"@type\":\"WebPage\",\"@id\":\"https:\/\/pullman.accorv2prod.decms.eu\/vi\/landing-page-offers\/\",\"url\":\"https:\/\/pullman.accorv2prod.decms.eu\/vi\/landing-page-offers\/\",\"name\":\"Trang \u0111\u00edch - phi\u1ebfu mua h\u00e0ng - Pullman Cairns International\",\"isPartOf\":{\"@id\":\"https:\/\/pullman.accorv2prod.decms.eu\/#website\"},\"datePublished\":\"2021-07-01T13:44:21+00:00\",\"dateModified\":\"2021-08-04T10:29:13+00:00\",\"breadcrumb\":{\"@id\":\"https:\/\/pullman.accorv2prod.decms.eu\/vi\/landing-page-offers\/#breadcrumb\"},\"inLanguage\":\"vi-VN\",\"potentialAction\":[{\"@type\":\"ReadAction\",\"target\":[\"https:\/\/pullman.accorv2prod.decms.eu\/vi\/landing-page-offers\/\"]}]},{\"@type\":\"BreadcrumbList\",\"@id\":\"https:\/\/pullman.accorv2prod.decms.eu\/vi\/landing-page-offers\/#breadcrumb\",\"itemListElement\":[{\"@type\":\"ListItem\",\"position\":1,\"name\":\"Home\",\"item\":\"https:\/\/pullman.accorv2prod.decms.eu\/vi\/home\/\"},{\"@type\":\"ListItem\",\"position\":2,\"name\":\"Trang \u0111\u00edch &#8211; phi\u1ebfu mua h\u00e0ng\"}]},{\"@type\":\"WebSite\",\"@id\":\"https:\/\/pullman.accorv2prod.decms.eu\/#website\",\"url\":\"https:\/\/pullman.accorv2prod.decms.eu\/\",\"name\":\"Pullman Cairns International\",\"description\":\"Just another Matteo Canever Site Sites site\",\"potentialAction\":[{\"@type\":\"SearchAction\",\"target\":{\"@type\":\"EntryPoint\",\"urlTemplate\":\"https:\/\/pullman.accorv2prod.decms.eu\/?s={search_term_string}\"},\"query-input\":{\"@type\":\"PropertyValueSpecification\",\"valueRequired\":true,\"valueName\":\"search_term_string\"}}],\"inLanguage\":\"vi-VN\"}]}<\/script>\n<!-- \/ Yoast SEO plugin. -->","yoast_head_json":{"title":"Trang \u0111\u00edch - phi\u1ebfu mua h\u00e0ng - Pullman Cairns International","robots":{"index":"noindex","follow":"follow","max-snippet":"max-snippet:-1","max-image-preview":"max-image-preview:large","max-video-preview":"max-video-preview:-1"},"og_locale":"vi_VN","og_type":"article","og_title":"Trang \u0111\u00edch - phi\u1ebfu mua h\u00e0ng - Pullman Cairns International","og_description":"M\u1ed7i nh\u00e0 h\u00e0ng v\u00e0 qu\u1ea7y bar b\u00ean trong kh\u00e1ch s\u1ea1n \u0111\u1ec1u c\u00f3 b\u1ea3n s\u1eafc v\u00e0 tinh th\u1ea7n ri\u00eang. N\u1ebfu nh\u01b0 nh\u00e0 h\u00e0ng Saigon Kitchen \u0111\u01b0a b\u1ea1n tr\u1edf v\u1ec1 kh\u00f4ng kh\u00ed nh\u1ed9n nh\u1ecbp c\u1ee7a nh\u1eefng phi\u00ean ch\u1ee3 Vi\u1ec7t nam th\u1eddi x\u01b0a, th\u01b0\u1edfng th\u1ee9c h\u01b0\u01a1ng v\u1ecb phong ph\u00fa v\u00e0 tinh t\u1ebf c\u1ee7a \u1ea9m th\u1ef1c 3 mi\u1ec1n c\u0169ng [&hellip;]","og_url":"https:\/\/pullman.accorv2prod.decms.eu\/vi\/landing-page-offers\/","og_site_name":"Pullman Cairns International","article_modified_time":"2021-08-04T10:29:13+00:00","twitter_card":"summary_large_image","twitter_misc":{"Est. reading time":"1 minute"},"schema":{"@context":"https:\/\/schema.org","@graph":[{"@type":"WebPage","@id":"https:\/\/pullman.accorv2prod.decms.eu\/vi\/landing-page-offers\/","url":"https:\/\/pullman.accorv2prod.decms.eu\/vi\/landing-page-offers\/","name":"Trang \u0111\u00edch - phi\u1ebfu mua h\u00e0ng - Pullman Cairns International","isPartOf":{"@id":"https:\/\/pullman.accorv2prod.decms.eu\/#website"},"datePublished":"2021-07-01T13:44:21+00:00","dateModified":"2021-08-04T10:29:13+00:00","breadcrumb":{"@id":"https:\/\/pullman.accorv2prod.decms.eu\/vi\/landing-page-offers\/#breadcrumb"},"inLanguage":"vi-VN","potentialAction":[{"@type":"ReadAction","target":["https:\/\/pullman.accorv2prod.decms.eu\/vi\/landing-page-offers\/"]}]},{"@type":"BreadcrumbList","@id":"https:\/\/pullman.accorv2prod.decms.eu\/vi\/landing-page-offers\/#breadcrumb","itemListElement":[{"@type":"ListItem","position":1,"name":"Home","item":"https:\/\/pullman.accorv2prod.decms.eu\/vi\/home\/"},{"@type":"ListItem","position":2,"name":"Trang \u0111\u00edch &#8211; phi\u1ebfu mua h\u00e0ng"}]},{"@type":"WebSite","@id":"https:\/\/pullman.accorv2prod.decms.eu\/#website","url":"https:\/\/pullman.accorv2prod.decms.eu\/","name":"Pullman Cairns International","description":"Just another Matteo Canever Site Sites site","potentialAction":[{"@type":"SearchAction","target":{"@type":"EntryPoint","urlTemplate":"https:\/\/pullman.accorv2prod.decms.eu\/?s={search_term_string}"},"query-input":{"@type":"PropertyValueSpecification","valueRequired":true,"valueName":"search_term_string"}}],"inLanguage":"vi-VN"}]}},"_links":{"self":[{"href":"https:\/\/pullman.accorv2prod.decms.eu\/vi\/wp-json\/wp\/v2\/pages\/957","targetHints":{"allow":["GET"]}}],"collection":[{"href":"https:\/\/pullman.accorv2prod.decms.eu\/vi\/wp-json\/wp\/v2\/pages"}],"about":[{"href":"https:\/\/pullman.accorv2prod.decms.eu\/vi\/wp-json\/wp\/v2\/types\/page"}],"author":[{"embeddable":true,"href":"https:\/\/pullman.accorv2prod.decms.eu\/vi\/wp-json\/wp\/v2\/users\/2"}],"replies":[{"embeddable":true,"href":"https:\/\/pullman.accorv2prod.decms.eu\/vi\/wp-json\/wp\/v2\/comments?post=957"}],"version-history":[{"count":0,"href":"https:\/\/pullman.accorv2prod.decms.eu\/vi\/wp-json\/wp\/v2\/pages\/957\/revisions"}],"wp:attachment":[{"href":"https:\/\/pullman.accorv2prod.decms.eu\/vi\/wp-json\/wp\/v2\/media?parent=957"}],"wp:term":[{"taxonomy":"category","embeddable":true,"href":"https:\/\/pullman.accorv2prod.decms.eu\/vi\/wp-json\/wp\/v2\/categories?post=957"}],"curies":[{"name":"wp","href":"https:\/\/api.w.org\/{rel}","templated":true}]}}